{"id":101,"date":"2018-11-28T12:54:19","date_gmt":"2018-11-28T11:54:19","guid":{"rendered":"http:\/\/chacunsapartdecroute.org\/?page_id=101"},"modified":"2025-08-08T12:56:33","modified_gmt":"2025-08-08T10:56:33","slug":"lassociation","status":"publish","type":"page","link":"https:\/\/chacunsapartdecroute.org\/index.php\/lassociation\/","title":{"rendered":"l&rsquo;association"},"content":{"rendered":"\n<p>Chacun sa part de cro\u00fbte est une association cr\u00e9\u00e9e en 2017 \u00e0 l&rsquo;initiative de Caroline Lejeune, Majida Ghomari et Fabrice Cl\u00e9ment. Elle est pr\u00e9sid\u00e9e par Jawad Boukikaz<\/p>\n\n\n\n<p> elle vise \u00e0 cr\u00e9er et produire des spectacles de th\u00e9\u00e2tre professionnel.<\/p>\n\n\n\n<p>Elle initie \u00e9galement des cr\u00e9ations pouvant impliquer des participants amateurs, notamment dans le domaine de la sant\u00e9 mentale.<\/p>\n\n\n\n<p>Elle \u00e9dite des textes contemporains .<\/p>\n\n\n\n<p>Elle d\u00e9fend l&rsquo;id\u00e9e de rendre la culture accessible au plus grand nombre avec bienveillance et exigence.<\/p>\n\n\n\n<p>Elle affirme que la pratique artistique est indispensable \u00e0 la bonne sant\u00e9 mentale et physique d&rsquo;une soci\u00e9t\u00e9 et de ses habitants.<\/p>\n\n\n\n<p>Elle cherche \u00e0 r\u00e9unir le maximum de personnes autour d&rsquo;une pratique culturelle collective, r\u00e9jouissante et d\u00e9brid\u00e9e.<\/p>\n\n\n\n<p><strong>Contacts<\/strong><\/p>\n\n\n\n<p><strong><a href=\"mailto:Chacunsapartdecroute@gmail.com\">Chacunsapartdecroute@gmail.com<\/a><\/strong><\/p>\n\n\n\n<p>07 59 57 18 37<\/p>\n\n\n\n<p>65 Place de la R\u00e9union 75020 Paris<\/p>\n\n\n\n<p><\/p>\n","protected":false},"excerpt":{"rendered":"<p>Chacun sa part de cro\u00fbte est une association cr\u00e9\u00e9e en 2017 \u00e0 l&rsquo;initiative de Caroline Lejeune, Majida Ghomari et Fabrice Cl\u00e9ment. Elle est pr\u00e9sid\u00e9e par Jawad Boukikaz elle vise \u00e0 cr\u00e9er et produire des spectacles de th\u00e9\u00e2tre professionnel. Elle initie \u00e9galement des cr\u00e9ations pouvant impliquer des participants amateurs, notamment dans le domaine de la sant\u00e9 &hellip; <\/p>\n<p class=\"link-more\"><a href=\"https:\/\/chacunsapartdecroute.org\/index.php\/lassociation\/\" class=\"more-link\">Continuer la lecture<span class=\"screen-reader-text\"> de &laquo;&nbsp;l&rsquo;association&nbsp;&raquo;<\/span><\/a><\/p>\n","protected":false},"author":1,"featured_media":0,"parent":0,"menu_order":0,"comment_status":"closed","ping_status":"closed","template":"","meta":[],"_links":{"self":[{"href":"https:\/\/chacunsapartdecroute.org\/index.php\/wp-json\/wp\/v2\/pages\/101"}],"collection":[{"href":"https:\/\/chacunsapartdecroute.org\/index.php\/wp-json\/wp\/v2\/pages"}],"about":[{"href":"https:\/\/chacunsapartdecroute.org\/index.php\/wp-json\/wp\/v2\/types\/page"}],"author":[{"embeddable":true,"href":"https:\/\/chacunsapartdecroute.org\/index.php\/wp-json\/wp\/v2\/users\/1"}],"replies":[{"embeddable":true,"href":"https:\/\/chacunsapartdecroute.org\/index.php\/wp-json\/wp\/v2\/comments?post=101"}],"version-history":[{"count":3,"href":"https:\/\/chacunsapartdecroute.org\/index.php\/wp-json\/wp\/v2\/pages\/101\/revisions"}],"predecessor-version":[{"id":426,"href":"https:\/\/chacunsapartdecroute.org\/index.php\/wp-json\/wp\/v2\/pages\/101\/revisions\/426"}],"wp:attachment":[{"href":"https:\/\/chacunsapartdecroute.org\/index.php\/wp-json\/wp\/v2\/media?parent=101"}],"curies":[{"name":"wp","href":"https:\/\/api.w.org\/{rel}","templated":true}]}}