{"id":124,"date":"2018-11-28T14:56:45","date_gmt":"2018-11-28T13:56:45","guid":{"rendered":"http:\/\/chacunsapartdecroute.org\/?page_id=124"},"modified":"2018-11-28T17:51:52","modified_gmt":"2018-11-28T16:51:52","slug":"fabrice-clement","status":"publish","type":"page","link":"https:\/\/chacunsapartdecroute.org\/index.php\/fabrice-clement\/","title":{"rendered":"Fabrice Cl\u00e9ment"},"content":{"rendered":"\n<figure class=\"wp-block-image\"><img decoding=\"async\" loading=\"lazy\" width=\"1024\" height=\"1002\" src=\"http:\/\/chacunsapartdecroute.org\/wp-content\/uploads\/2018\/11\/MG_9088r-1024x1002.jpg\" alt=\"\" class=\"wp-image-125\" srcset=\"https:\/\/chacunsapartdecroute.org\/wp-content\/uploads\/2018\/11\/MG_9088r-1024x1002.jpg 1024w, https:\/\/chacunsapartdecroute.org\/wp-content\/uploads\/2018\/11\/MG_9088r-300x293.jpg 300w, https:\/\/chacunsapartdecroute.org\/wp-content\/uploads\/2018\/11\/MG_9088r-768x751.jpg 768w\" sizes=\"(max-width: 767px) 89vw, (max-width: 1000px) 54vw, (max-width: 1071px) 543px, 580px\" \/><\/figure>\n\n\n\n<p>N\u00e9 en 1969, dans un h\u00f4pital parisien, il m\u00e8ne d&rsquo;infertiles \u00e9tudes horticoles qui l&rsquo;am\u00e8nent indirectement vers le th\u00e9\u00e2tre. Apr\u00e8s une ann\u00e9e au th\u00e9\u00e2tre \u00e9cole de Montreuil, il int\u00e8gre en 1992 la Cie Public Ch\u00e9ri, se forme aupr\u00e8s de son directeur R\u00e9gis H\u00e9bette, et participe \u00e0 la fondation du th\u00e9\u00e2tre l&rsquo;Echangeur de Bagnolet en 1996. Il alterne ensuite entre son travail de com\u00e9dien et celui de metteur en sc\u00e8ne.<\/p>\n\n\n\n<p>Il compose la majorit\u00e9 des bandes sonores de ses spectacles. Derni\u00e8rement on a pu le voir jouer dans \u00ab La nuit juste avant les for\u00eats \u00bb de Bernard-Marie Kolt\u00e8s, mis en sc\u00e8ne par Sylie Hagga\u00ef qu&rsquo;il interpr\u00e8te dans la rue. Il joue dans \u00ab Don Quichotte ou le vertige de Sancho \u00bb mis en sc\u00e8ne par R\u00e9gis Hebette, cr\u00e9\u00e9 au th\u00e9\u00e2tre l&rsquo;Echangeur en 2013 et en tourn\u00e9e jusqu&rsquo;en 2017.<\/p>\n","protected":false},"excerpt":{"rendered":"<p>N\u00e9 en 1969, dans un h\u00f4pital parisien, il m\u00e8ne d&rsquo;infertiles \u00e9tudes horticoles qui l&rsquo;am\u00e8nent indirectement vers le th\u00e9\u00e2tre. Apr\u00e8s une ann\u00e9e au th\u00e9\u00e2tre \u00e9cole de Montreuil, il int\u00e8gre en 1992 la Cie Public Ch\u00e9ri, se forme aupr\u00e8s de son directeur R\u00e9gis H\u00e9bette, et participe \u00e0 la fondation du th\u00e9\u00e2tre l&rsquo;Echangeur de Bagnolet en 1996. Il &hellip; <\/p>\n<p class=\"link-more\"><a href=\"https:\/\/chacunsapartdecroute.org\/index.php\/fabrice-clement\/\" class=\"more-link\">Continuer la lecture<span class=\"screen-reader-text\"> de &laquo;&nbsp;Fabrice Cl\u00e9ment&nbsp;&raquo;<\/span><\/a><\/p>\n","protected":false},"author":1,"featured_media":0,"parent":0,"menu_order":0,"comment_status":"closed","ping_status":"closed","template":"","meta":[],"_links":{"self":[{"href":"https:\/\/chacunsapartdecroute.org\/index.php\/wp-json\/wp\/v2\/pages\/124"}],"collection":[{"href":"https:\/\/chacunsapartdecroute.org\/index.php\/wp-json\/wp\/v2\/pages"}],"about":[{"href":"https:\/\/chacunsapartdecroute.org\/index.php\/wp-json\/wp\/v2\/types\/page"}],"author":[{"embeddable":true,"href":"https:\/\/chacunsapartdecroute.org\/index.php\/wp-json\/wp\/v2\/users\/1"}],"replies":[{"embeddable":true,"href":"https:\/\/chacunsapartdecroute.org\/index.php\/wp-json\/wp\/v2\/comments?post=124"}],"version-history":[{"count":2,"href":"https:\/\/chacunsapartdecroute.org\/index.php\/wp-json\/wp\/v2\/pages\/124\/revisions"}],"predecessor-version":[{"id":206,"href":"https:\/\/chacunsapartdecroute.org\/index.php\/wp-json\/wp\/v2\/pages\/124\/revisions\/206"}],"wp:attachment":[{"href":"https:\/\/chacunsapartdecroute.org\/index.php\/wp-json\/wp\/v2\/media?parent=124"}],"curies":[{"name":"wp","href":"https:\/\/api.w.org\/{rel}","templated":true}]}}