{"id":144,"date":"2018-11-28T15:23:53","date_gmt":"2018-11-28T14:23:53","guid":{"rendered":"http:\/\/chacunsapartdecroute.org\/?page_id=144"},"modified":"2019-05-27T12:14:33","modified_gmt":"2019-05-27T10:14:33","slug":"le-cahier-et-autres-textes-julien-berret","status":"publish","type":"page","link":"https:\/\/chacunsapartdecroute.org\/index.php\/le-cahier-et-autres-textes-julien-berret\/","title":{"rendered":"Le cahier &#8230;"},"content":{"rendered":"\n<div class=\"wp-block-image\"><figure class=\"aligncenter is-resized\"><img decoding=\"async\" loading=\"lazy\" src=\"http:\/\/chacunsapartdecroute.org\/wp-content\/uploads\/2018\/11\/ange-1024x840.jpg\" alt=\"\" class=\"wp-image-86\" width=\"256\" height=\"210\" srcset=\"https:\/\/chacunsapartdecroute.org\/wp-content\/uploads\/2018\/11\/ange-1024x840.jpg 1024w, https:\/\/chacunsapartdecroute.org\/wp-content\/uploads\/2018\/11\/ange-300x246.jpg 300w, https:\/\/chacunsapartdecroute.org\/wp-content\/uploads\/2018\/11\/ange-768x630.jpg 768w, https:\/\/chacunsapartdecroute.org\/wp-content\/uploads\/2018\/11\/ange.jpg 1097w\" sizes=\"(max-width: 256px) 100vw, 256px\" \/><\/figure><\/div>\n\n\n\n<ul class=\"is-layout-flex wp-block-gallery-1 wp-block-gallery columns-1 is-cropped\"><li class=\"blocks-gallery-item\"><figure><img decoding=\"async\" loading=\"lazy\" width=\"1024\" height=\"768\" src=\"http:\/\/chacunsapartdecroute.org\/wp-content\/uploads\/2019\/05\/le-cahier-1024x768.jpeg\" alt=\"\" data-id=\"364\" data-link=\"http:\/\/chacunsapartdecroute.org\/le-cahier\/\" class=\"wp-image-364\" srcset=\"https:\/\/chacunsapartdecroute.org\/wp-content\/uploads\/2019\/05\/le-cahier-1024x768.jpeg 1024w, https:\/\/chacunsapartdecroute.org\/wp-content\/uploads\/2019\/05\/le-cahier-300x225.jpeg 300w, https:\/\/chacunsapartdecroute.org\/wp-content\/uploads\/2019\/05\/le-cahier-768x576.jpeg 768w\" sizes=\"(max-width: 767px) 89vw, (max-width: 1000px) 54vw, (max-width: 1071px) 543px, 580px\" \/><\/figure><\/li><\/ul>\n\n\n\n<h4>&nbsp;<\/h4>\n\n\n\n<h3>Lecture mise en son<\/h3>\n\n\n\n<p style=\"text-align:left\">Nous proposons une lecture mise en sons d&rsquo;extraits du Cahier de Julien Berret, compl\u00e9t\u00e9s par de nouveaux textes. Pour d\u00e9couvrir la po\u00e9sie sensible&nbsp;d&rsquo;un ancien intern\u00e9 des h\u00f4pitaux de Paris qui universalise le questionnement&nbsp; intime de chacun d&rsquo;entre nous.<\/p>\n\n\n\n<p><\/p>\n\n\n\n<p><strong>Lecture construite et interpr\u00e9t\u00e9e par Majida Ghomari, Caroline Lejeune,&nbsp; Julien Berret et Fabrice Cl\u00e9ment, dirig\u00e9e par Fabrice Cl\u00e9ment.<\/strong><\/p>\n","protected":false},"excerpt":{"rendered":"<p>&nbsp; Lecture mise en son Nous proposons une lecture mise en sons d&rsquo;extraits du Cahier de Julien Berret, compl\u00e9t\u00e9s par de nouveaux textes. Pour d\u00e9couvrir la po\u00e9sie sensible&nbsp;d&rsquo;un ancien intern\u00e9 des h\u00f4pitaux de Paris qui universalise le questionnement&nbsp; intime de chacun d&rsquo;entre nous. Lecture construite et interpr\u00e9t\u00e9e par Majida Ghomari, Caroline Lejeune,&nbsp; Julien Berret et &hellip; <\/p>\n<p class=\"link-more\"><a href=\"https:\/\/chacunsapartdecroute.org\/index.php\/le-cahier-et-autres-textes-julien-berret\/\" class=\"more-link\">Continuer la lecture<span class=\"screen-reader-text\"> de &laquo;&nbsp;Le cahier &#8230;&nbsp;&raquo;<\/span><\/a><\/p>\n","protected":false},"author":1,"featured_media":0,"parent":0,"menu_order":0,"comment_status":"closed","ping_status":"closed","template":"","meta":[],"_links":{"self":[{"href":"https:\/\/chacunsapartdecroute.org\/index.php\/wp-json\/wp\/v2\/pages\/144"}],"collection":[{"href":"https:\/\/chacunsapartdecroute.org\/index.php\/wp-json\/wp\/v2\/pages"}],"about":[{"href":"https:\/\/chacunsapartdecroute.org\/index.php\/wp-json\/wp\/v2\/types\/page"}],"author":[{"embeddable":true,"href":"https:\/\/chacunsapartdecroute.org\/index.php\/wp-json\/wp\/v2\/users\/1"}],"replies":[{"embeddable":true,"href":"https:\/\/chacunsapartdecroute.org\/index.php\/wp-json\/wp\/v2\/comments?post=144"}],"version-history":[{"count":16,"href":"https:\/\/chacunsapartdecroute.org\/index.php\/wp-json\/wp\/v2\/pages\/144\/revisions"}],"predecessor-version":[{"id":366,"href":"https:\/\/chacunsapartdecroute.org\/index.php\/wp-json\/wp\/v2\/pages\/144\/revisions\/366"}],"wp:attachment":[{"href":"https:\/\/chacunsapartdecroute.org\/index.php\/wp-json\/wp\/v2\/media?parent=144"}],"curies":[{"name":"wp","href":"https:\/\/api.w.org\/{rel}","templated":true}]}}