{"id":298,"date":"2018-12-03T12:20:30","date_gmt":"2018-12-03T11:20:30","guid":{"rendered":"http:\/\/chacunsapartdecroute.org\/?page_id=298"},"modified":"2018-12-17T10:52:08","modified_gmt":"2018-12-17T09:52:08","slug":"transmission","status":"publish","type":"page","link":"https:\/\/chacunsapartdecroute.org\/index.php\/transmission\/","title":{"rendered":"Transmission"},"content":{"rendered":"\n<p>Riches d&rsquo;une exp\u00e9rience de 25 ans dans la direction d&rsquo;ateliers de cr\u00e9ation, nous proposonsdes interventions aupr\u00e8s de tous les publics.<\/p>\n\n\n\n<p>Nos ateliers de cr\u00e9ation sont ludiques et joyeux.<\/p>\n\n\n\n<p>\u00a0Notre m\u00e9thodologie, constitu\u00e9e de plus de 350 jeux ou improvisations, est bas\u00e9e sur un principe d&rsquo;\u00e9galit\u00e9 entre les participants : tirages au sort pour d\u00e9finir les passages, r\u00e9partition \u00e9quitable des r\u00f4les. Cette m\u00e9thode est bienveillante. Elle vise \u00e0 lib\u00e9rer les participants de la notion de jugement et permettre \u00e0 chacun de d\u00e9velopper sa singularit\u00e9 dans un cadre collectif.<\/p>\n\n\n\n<p>&nbsp; Nous souhaitons \u00e9galement d\u00e9fendre une exigence artistique \u00e9lev\u00e9e, d\u00e9passant le sympathique spectacle de fin d&rsquo;ann\u00e9e. Notre objectif est d&rsquo;amener les com\u00e9diens \u00e0 un endroit qu&rsquo;ils n&rsquo;auraient pas soup\u00e7onn\u00e9 au d\u00e9part. Nous travaillons sur des probl\u00e9matiques actuelles et des textes contemporains. Nous aimons triturer le langage et le relier aux corps.<\/p>\n\n\n\n<p>Contact : Fabrice Cl\u00e9ment\u00a0 chacunsapartdecroute@gmail.com<\/p>\n","protected":false},"excerpt":{"rendered":"<p>Riches d&rsquo;une exp\u00e9rience de 25 ans dans la direction d&rsquo;ateliers de cr\u00e9ation, nous proposonsdes interventions aupr\u00e8s de tous les publics. Nos ateliers de cr\u00e9ation sont ludiques et joyeux. \u00a0Notre m\u00e9thodologie, constitu\u00e9e de plus de 350 jeux ou improvisations, est bas\u00e9e sur un principe d&rsquo;\u00e9galit\u00e9 entre les participants : tirages au sort pour d\u00e9finir les passages, &hellip; <\/p>\n<p class=\"link-more\"><a href=\"https:\/\/chacunsapartdecroute.org\/index.php\/transmission\/\" class=\"more-link\">Continuer la lecture<span class=\"screen-reader-text\"> de &laquo;&nbsp;Transmission&nbsp;&raquo;<\/span><\/a><\/p>\n","protected":false},"author":1,"featured_media":0,"parent":0,"menu_order":0,"comment_status":"closed","ping_status":"closed","template":"","meta":[],"_links":{"self":[{"href":"https:\/\/chacunsapartdecroute.org\/index.php\/wp-json\/wp\/v2\/pages\/298"}],"collection":[{"href":"https:\/\/chacunsapartdecroute.org\/index.php\/wp-json\/wp\/v2\/pages"}],"about":[{"href":"https:\/\/chacunsapartdecroute.org\/index.php\/wp-json\/wp\/v2\/types\/page"}],"author":[{"embeddable":true,"href":"https:\/\/chacunsapartdecroute.org\/index.php\/wp-json\/wp\/v2\/users\/1"}],"replies":[{"embeddable":true,"href":"https:\/\/chacunsapartdecroute.org\/index.php\/wp-json\/wp\/v2\/comments?post=298"}],"version-history":[{"count":3,"href":"https:\/\/chacunsapartdecroute.org\/index.php\/wp-json\/wp\/v2\/pages\/298\/revisions"}],"predecessor-version":[{"id":338,"href":"https:\/\/chacunsapartdecroute.org\/index.php\/wp-json\/wp\/v2\/pages\/298\/revisions\/338"}],"wp:attachment":[{"href":"https:\/\/chacunsapartdecroute.org\/index.php\/wp-json\/wp\/v2\/media?parent=298"}],"curies":[{"name":"wp","href":"https:\/\/api.w.org\/{rel}","templated":true}]}}