{"id":371,"date":"2019-09-06T16:36:22","date_gmt":"2019-09-06T14:36:22","guid":{"rendered":"http:\/\/chacunsapartdecroute.org\/?page_id=371"},"modified":"2019-09-06T16:36:22","modified_gmt":"2019-09-06T14:36:22","slug":"atelier-autonome-decriture","status":"publish","type":"page","link":"https:\/\/chacunsapartdecroute.org\/index.php\/atelier-autonome-decriture\/","title":{"rendered":"Atelier autonome d&rsquo;\u00e9criture"},"content":{"rendered":"\n<p>Tous les dimanches de 18h \u00e0 20h30 au si\u00e8ge de l&rsquo;association \u00e0 Montreuil<\/p>\n\n\n<p><br>\n<br>\n<!--StartFragment--><\/p>\n\n\n<p>Atelier d&rsquo;\u00e9criture, reprise le 4 octobre 2019<\/p>\n\n\n\n<ul><li>On\tse retrouve autour d\u2019une grande table pour \u00e9crire dans un esprit\tconvivial et bienveillant.<br>&#8211; A chaque s\u00e9ance, une proposition\test tir\u00e9e au sort parmi celles propos\u00e9es par les participants. <br>&#8211;\tIl n\u2019y a pas d\u2019animateur.<br>&#8211; Adh\u00e9sion \u00e0 l&rsquo;association 10\teuros.<br>&#8211; C\u2019est ouvert \u00e0 toutes les personnes qui souhaitent\t\u00e9crire.&nbsp;<\/li><li>\tune lecture des textes en public sera\torganis\u00e9e au cours de l&rsquo;ann\u00e9e<\/li><\/ul>\n\n\n<p><!--EndFragment--><br>\n<br>\n<\/p>","protected":false},"excerpt":{"rendered":"<p>Tous les dimanches de 18h \u00e0 20h30 au si\u00e8ge de l&rsquo;association \u00e0 Montreuil Atelier d&rsquo;\u00e9criture, reprise le 4 octobre 2019 On se retrouve autour d\u2019une grande table pour \u00e9crire dans un esprit convivial et bienveillant.&#8211; A chaque s\u00e9ance, une proposition est tir\u00e9e au sort parmi celles propos\u00e9es par les participants. &#8211; Il n\u2019y a pas &hellip; <\/p>\n<p class=\"link-more\"><a href=\"https:\/\/chacunsapartdecroute.org\/index.php\/atelier-autonome-decriture\/\" class=\"more-link\">Continuer la lecture<span class=\"screen-reader-text\"> de &laquo;&nbsp;Atelier autonome d&rsquo;\u00e9criture&nbsp;&raquo;<\/span><\/a><\/p>\n","protected":false},"author":1,"featured_media":0,"parent":0,"menu_order":0,"comment_status":"closed","ping_status":"closed","template":"","meta":[],"_links":{"self":[{"href":"https:\/\/chacunsapartdecroute.org\/index.php\/wp-json\/wp\/v2\/pages\/371"}],"collection":[{"href":"https:\/\/chacunsapartdecroute.org\/index.php\/wp-json\/wp\/v2\/pages"}],"about":[{"href":"https:\/\/chacunsapartdecroute.org\/index.php\/wp-json\/wp\/v2\/types\/page"}],"author":[{"embeddable":true,"href":"https:\/\/chacunsapartdecroute.org\/index.php\/wp-json\/wp\/v2\/users\/1"}],"replies":[{"embeddable":true,"href":"https:\/\/chacunsapartdecroute.org\/index.php\/wp-json\/wp\/v2\/comments?post=371"}],"version-history":[{"count":1,"href":"https:\/\/chacunsapartdecroute.org\/index.php\/wp-json\/wp\/v2\/pages\/371\/revisions"}],"predecessor-version":[{"id":373,"href":"https:\/\/chacunsapartdecroute.org\/index.php\/wp-json\/wp\/v2\/pages\/371\/revisions\/373"}],"wp:attachment":[{"href":"https:\/\/chacunsapartdecroute.org\/index.php\/wp-json\/wp\/v2\/media?parent=371"}],"curies":[{"name":"wp","href":"https:\/\/api.w.org\/{rel}","templated":true}]}}