{"id":422,"date":"2025-08-07T23:28:15","date_gmt":"2025-08-07T21:28:15","guid":{"rendered":"https:\/\/chacunsapartdecroute.org\/?page_id=422"},"modified":"2025-09-12T16:34:48","modified_gmt":"2025-09-12T14:34:48","slug":"drole-doiseau","status":"publish","type":"page","link":"https:\/\/chacunsapartdecroute.org\/index.php\/drole-doiseau\/","title":{"rendered":""},"content":{"rendered":"\n<figure class=\"wp-block-image size-large\"><img decoding=\"async\" loading=\"lazy\" width=\"724\" height=\"1024\" src=\"http:\/\/chacunsapartdecroute.org\/wp-content\/uploads\/2025\/07\/93797fca-fb2e-40d2-a159-c3f7651a36c4-01-724x1024.jpg\" alt=\"\" class=\"wp-image-418\" srcset=\"https:\/\/chacunsapartdecroute.org\/wp-content\/uploads\/2025\/07\/93797fca-fb2e-40d2-a159-c3f7651a36c4-01-724x1024.jpg 724w, https:\/\/chacunsapartdecroute.org\/wp-content\/uploads\/2025\/07\/93797fca-fb2e-40d2-a159-c3f7651a36c4-01-212x300.jpg 212w, https:\/\/chacunsapartdecroute.org\/wp-content\/uploads\/2025\/07\/93797fca-fb2e-40d2-a159-c3f7651a36c4-01-768x1086.jpg 768w, https:\/\/chacunsapartdecroute.org\/wp-content\/uploads\/2025\/07\/93797fca-fb2e-40d2-a159-c3f7651a36c4-01-1086x1536.jpg 1086w, https:\/\/chacunsapartdecroute.org\/wp-content\/uploads\/2025\/07\/93797fca-fb2e-40d2-a159-c3f7651a36c4-01-1448x2048.jpg 1448w, https:\/\/chacunsapartdecroute.org\/wp-content\/uploads\/2025\/07\/93797fca-fb2e-40d2-a159-c3f7651a36c4-01-scaled.jpg 1811w\" sizes=\"(max-width: 724px) 100vw, 724px\" \/><figcaption class=\"wp-element-caption\"><br><br>Difficile de trouver son chemin, de se retrouver dans ce monde trop dur.<br>il cherche des amis car la solitude lui est insupportable.<br>Il cherche aussi du travail, mais qu\u2019est-ce que le travail&nbsp;? Envoy\u00e9 \u00e0 cette boucherie avant m\u00eame de savoir qui il est et ce qu\u2019il d\u00e9sire&nbsp;!<br>Un travail utile.<br>Pour soi,<br>pour les autres.<br>Il se pose tellement de questions qu\u2019il se retrouve en HP&nbsp;!<br>Perdu, sabot\u00e9, il ne comprends pas ce qui lui arrive. Il sera alors handicap\u00e9&nbsp;!<br>L\u2019\u00e9criture est sa th\u00e9rapie, elle valorise sa petite vie, lui qui ne peut s\u2019emp\u00eacher de ruer dans les brancards.<br>Ce dr\u00f4le d&rsquo;oiseau nous narre son parcours \u00e0 travers une lecture-performance sonoris\u00e9e.<br>Il est accompagn\u00e9 au plateau d&rsquo;un piaf-partenaire observateur, pr\u00e9sence muette qui g\u00e9n\u00e8re du boucan d\u00e9connant.<br>Il parle aussi de sexe, de religion, de politique. Pas de grands discours, cette po\u00e9sie \u00e9mancipatrice se veut directe et brute.<\/figcaption><\/figure>\n\n\n\n<p>Dr\u00f4le d&rsquo;Oiseau sera en r\u00e9sidence au th\u00e9\u00e2tre le Colombier \u00e0 Bagnolet la derni\u00e8re semaine d&rsquo;Octobre avec une repr\u00e9sentation de sortie de r\u00e9sidence le 1er Novembre \u00e0 16h00<\/p>\n\n\n\n<figure class=\"wp-block-embed is-type-video is-provider-vimeo wp-block-embed-vimeo wp-embed-aspect-16-9 wp-has-aspect-ratio\"><div class=\"wp-block-embed__wrapper\">\n<iframe loading=\"lazy\" title=\"Tiz&#039;heure Dr\u00f4le d&#039;oiseau\" src=\"https:\/\/player.vimeo.com\/video\/1114538834?dnt=1&amp;app_id=122963\" width=\"525\" height=\"295\" frameborder=\"0\" allow=\"autoplay; fullscreen; picture-in-picture; clipboard-write; encrypted-media; web-share\" referrerpolicy=\"strict-origin-when-cross-origin\"><\/iframe>\n<\/div><\/figure>\n","protected":false},"excerpt":{"rendered":"<p>Dr\u00f4le d&rsquo;Oiseau sera en r\u00e9sidence au th\u00e9\u00e2tre le Colombier \u00e0 Bagnolet la derni\u00e8re semaine d&rsquo;Octobre avec une repr\u00e9sentation de sortie de r\u00e9sidence le 1er Novembre \u00e0 16h00<\/p>\n","protected":false},"author":1,"featured_media":0,"parent":0,"menu_order":0,"comment_status":"closed","ping_status":"closed","template":"","meta":[],"_links":{"self":[{"href":"https:\/\/chacunsapartdecroute.org\/index.php\/wp-json\/wp\/v2\/pages\/422"}],"collection":[{"href":"https:\/\/chacunsapartdecroute.org\/index.php\/wp-json\/wp\/v2\/pages"}],"about":[{"href":"https:\/\/chacunsapartdecroute.org\/index.php\/wp-json\/wp\/v2\/types\/page"}],"author":[{"embeddable":true,"href":"https:\/\/chacunsapartdecroute.org\/index.php\/wp-json\/wp\/v2\/users\/1"}],"replies":[{"embeddable":true,"href":"https:\/\/chacunsapartdecroute.org\/index.php\/wp-json\/wp\/v2\/comments?post=422"}],"version-history":[{"count":5,"href":"https:\/\/chacunsapartdecroute.org\/index.php\/wp-json\/wp\/v2\/pages\/422\/revisions"}],"predecessor-version":[{"id":432,"href":"https:\/\/chacunsapartdecroute.org\/index.php\/wp-json\/wp\/v2\/pages\/422\/revisions\/432"}],"wp:attachment":[{"href":"https:\/\/chacunsapartdecroute.org\/index.php\/wp-json\/wp\/v2\/media?parent=422"}],"curies":[{"name":"wp","href":"https:\/\/api.w.org\/{rel}","templated":true}]}}