{"id":8,"date":"2018-11-19T10:57:19","date_gmt":"2018-11-19T09:57:19","guid":{"rendered":"http:\/\/chacunsapartdecroute.org\/?page_id=8"},"modified":"2018-12-10T14:20:25","modified_gmt":"2018-12-10T13:20:25","slug":"a-propos-de","status":"publish","type":"page","link":"https:\/\/chacunsapartdecroute.org\/index.php\/a-propos-de\/","title":{"rendered":"Aux noms du foot"},"content":{"rendered":"<p style=\"text-align: left;\"><span style=\"font-family: Garamond, serif;\"><span style=\"font-size: large;\"><b>Aux noms du foot est une conf\u00e9rence-spectacle qui vise \u00e0 r\u00e9concilier deux mondes souvent pr\u00e9sent\u00e9s comme inconciliables&nbsp;: Le th\u00e9\u00e2tre et le football.<\/b><\/span><\/span><\/p>\n<p style=\"text-align: left;\"><span style=\"font-family: Garamond, serif;\"><span style=\"font-size: large;\"><b>Il r\u00e9unit dans son public hommes et femmes, jeunes et vieux, aficionados et profanes, pour un moment ludique de partage.<\/b><\/span><\/span><\/p>\n<p style=\"text-align: left;\"><span style=\"font-family: Garamond, serif;\"><span style=\"font-size: large;\"><b>Il ambitionne \u00e0 faire venir au th\u00e9\u00e2tre ceux qui fr\u00e9quentent les stades et \u00e0 faire venir au football ceux qui fr\u00e9quentent les salles de spectacle.<\/b><\/span><\/span><\/p>\n<p align=\"CENTER\"><span style=\"font-family: Garamond, serif;\"><span style=\"font-size: large;\"><b>Texte <\/b><\/span><\/span><span style=\"font-family: Garamond, serif;\"><span style=\"font-size: large;\">: <\/span><\/span><span style=\"font-family: Garamond, serif;\"><span style=\"font-size: large;\"><b>Fabrice Cl\u00e9ment<\/b><\/span><\/span><\/p>\n<p align=\"CENTER\"><span style=\"font-family: Garamond, serif;\"><span style=\"font-size: large;\"><b>Mise en sc\u00e8ne et jeu : Majida Ghomari et Fabrice Cl\u00e9ment<\/b><\/span><\/span><\/p>\n<p align=\"CENTER\"><span style=\"font-family: Garamond, serif;\"><span style=\"font-size: large;\"><b>Dur\u00e9e du spectacle : 1h15<\/b><\/span><\/span><\/p>\n\n\n<div class=\"wp-block-file\"><a href=\"http:\/\/chacunsapartdecroute.org\/wp-content\/uploads\/2018\/12\/dossier-de-presse.pdf\">dossier de presse<\/a><a href=\"http:\/\/chacunsapartdecroute.org\/wp-content\/uploads\/2018\/12\/dossier-de-presse.pdf\" class=\"wp-block-file__button\" download>T\u00e9l\u00e9charger<\/a><\/div>\n","protected":false},"excerpt":{"rendered":"<p>Aux noms du foot est une conf\u00e9rence-spectacle qui vise \u00e0 r\u00e9concilier deux mondes souvent pr\u00e9sent\u00e9s comme inconciliables&nbsp;: Le th\u00e9\u00e2tre et le football. Il r\u00e9unit dans son public hommes et femmes, jeunes et vieux, aficionados et profanes, pour un moment ludique de partage. Il ambitionne \u00e0 faire venir au th\u00e9\u00e2tre ceux qui fr\u00e9quentent les stades et &hellip; <\/p>\n<p class=\"link-more\"><a href=\"https:\/\/chacunsapartdecroute.org\/index.php\/a-propos-de\/\" class=\"more-link\">Continuer la lecture<span class=\"screen-reader-text\"> de &laquo;&nbsp;Aux noms du foot&nbsp;&raquo;<\/span><\/a><\/p>\n","protected":false},"author":1,"featured_media":79,"parent":0,"menu_order":0,"comment_status":"closed","ping_status":"closed","template":"","meta":[],"_links":{"self":[{"href":"https:\/\/chacunsapartdecroute.org\/index.php\/wp-json\/wp\/v2\/pages\/8"}],"collection":[{"href":"https:\/\/chacunsapartdecroute.org\/index.php\/wp-json\/wp\/v2\/pages"}],"about":[{"href":"https:\/\/chacunsapartdecroute.org\/index.php\/wp-json\/wp\/v2\/types\/page"}],"author":[{"embeddable":true,"href":"https:\/\/chacunsapartdecroute.org\/index.php\/wp-json\/wp\/v2\/users\/1"}],"replies":[{"embeddable":true,"href":"https:\/\/chacunsapartdecroute.org\/index.php\/wp-json\/wp\/v2\/comments?post=8"}],"version-history":[{"count":11,"href":"https:\/\/chacunsapartdecroute.org\/index.php\/wp-json\/wp\/v2\/pages\/8\/revisions"}],"predecessor-version":[{"id":334,"href":"https:\/\/chacunsapartdecroute.org\/index.php\/wp-json\/wp\/v2\/pages\/8\/revisions\/334"}],"wp:featuredmedia":[{"embeddable":true,"href":"https:\/\/chacunsapartdecroute.org\/index.php\/wp-json\/wp\/v2\/media\/79"}],"wp:attachment":[{"href":"https:\/\/chacunsapartdecroute.org\/index.php\/wp-json\/wp\/v2\/media?parent=8"}],"curies":[{"name":"wp","href":"https:\/\/api.w.org\/{rel}","templated":true}]}}