{"id":88,"date":"2018-11-28T12:40:08","date_gmt":"2018-11-28T11:40:08","guid":{"rendered":"http:\/\/chacunsapartdecroute.org\/?page_id=88"},"modified":"2018-11-28T12:40:08","modified_gmt":"2018-11-28T11:40:08","slug":"les-editions-chacun-sa-part-de-croute","status":"publish","type":"page","link":"https:\/\/chacunsapartdecroute.org\/index.php\/les-editions-chacun-sa-part-de-croute\/","title":{"rendered":"Les \u00e9ditions chacun sa part de cro\u00fbte"},"content":{"rendered":"\n<p>Mon d\u00e9sir d\u2019\u00e9diter est n\u00e9 de la rencontre avec des auteurs.<\/p>\n\n\n\n<p>D&rsquo;une part, gr\u00e2ce \u00e0 un atelier d\u2019\u00e9criture o\u00f9, chaque semaine depuis des ann\u00e9es, je me retrouve avec plusieurs personnes \u00e0 \u00e9galit\u00e9 devant une feuille blanche. Les textes courts qui y naissent donnent \u00e0 voir en creux le formatage des projets \u00e9ditoriaux publi\u00e9s selon les genres \u00e9tablis. Notre maison d&rsquo;\u00e9dition est guid\u00e9e par la volont\u00e9 des&rsquo;affranchir des formats classiques et de donner libre court \u00e0 la libert\u00e9 des auteurs.<\/p>\n\n\n\n<p>D&rsquo;autre part, suite \u00e0 la relecture de quelques manuscrits avant leur publication. Les moments d\u2019\u00e9changes avec les auteurs autour de leurs textes ont \u00e9t\u00e9 l\u2019occasion de belles rencontres et de la d\u00e9couverte de processus cr\u00e9atifs \u00e0 la fois chaque fois unique. <\/p>\n\n\n\n<p>Relire un texte est un travail d\u00e9licat car c&rsquo;est tr\u00e8s difficile pour un auteur d&rsquo;accepter les critiques. Il convient de lui rappeler notre r\u00f4le d&rsquo;\u0153il ext\u00e9rieur et de lui faire entendre ce que ces mots provoquent en nous, premier lecteur.\u00a0 Nos propositions sont subjectives et l&rsquo;auteur doit avoir le dernier mot. Ce travail implique avant tout le respect, et la bienveillance. <\/p>\n\n\n\n<p>Lors ce que j\u2019ai propos\u00e9 l\u2019\u00e9dition de textes Julien Berret \u00e0 Chacun sa part de cro\u00fbte ce fut une \u00e9vidence et tr\u00e8s vite est apparu la n\u00e9cessit\u00e9 d&rsquo;accompagner le texte par des lectures en public port\u00e9 par la voix des com\u00e9diens de chacun sa part de cro\u00fbte.<\/p>\n\n\n\n<p>Caroline Lejeune<\/p>\n","protected":false},"excerpt":{"rendered":"<p>Mon d\u00e9sir d\u2019\u00e9diter est n\u00e9 de la rencontre avec des auteurs. D&rsquo;une part, gr\u00e2ce \u00e0 un atelier d\u2019\u00e9criture o\u00f9, chaque semaine depuis des ann\u00e9es, je me retrouve avec plusieurs personnes \u00e0 \u00e9galit\u00e9 devant une feuille blanche. Les textes courts qui y naissent donnent \u00e0 voir en creux le formatage des projets \u00e9ditoriaux publi\u00e9s selon les &hellip; <\/p>\n<p class=\"link-more\"><a href=\"https:\/\/chacunsapartdecroute.org\/index.php\/les-editions-chacun-sa-part-de-croute\/\" class=\"more-link\">Continuer la lecture<span class=\"screen-reader-text\"> de &laquo;&nbsp;Les \u00e9ditions chacun sa part de cro\u00fbte&nbsp;&raquo;<\/span><\/a><\/p>\n","protected":false},"author":1,"featured_media":0,"parent":0,"menu_order":0,"comment_status":"closed","ping_status":"closed","template":"","meta":[],"_links":{"self":[{"href":"https:\/\/chacunsapartdecroute.org\/index.php\/wp-json\/wp\/v2\/pages\/88"}],"collection":[{"href":"https:\/\/chacunsapartdecroute.org\/index.php\/wp-json\/wp\/v2\/pages"}],"about":[{"href":"https:\/\/chacunsapartdecroute.org\/index.php\/wp-json\/wp\/v2\/types\/page"}],"author":[{"embeddable":true,"href":"https:\/\/chacunsapartdecroute.org\/index.php\/wp-json\/wp\/v2\/users\/1"}],"replies":[{"embeddable":true,"href":"https:\/\/chacunsapartdecroute.org\/index.php\/wp-json\/wp\/v2\/comments?post=88"}],"version-history":[{"count":1,"href":"https:\/\/chacunsapartdecroute.org\/index.php\/wp-json\/wp\/v2\/pages\/88\/revisions"}],"predecessor-version":[{"id":90,"href":"https:\/\/chacunsapartdecroute.org\/index.php\/wp-json\/wp\/v2\/pages\/88\/revisions\/90"}],"wp:attachment":[{"href":"https:\/\/chacunsapartdecroute.org\/index.php\/wp-json\/wp\/v2\/media?parent=88"}],"curies":[{"name":"wp","href":"https:\/\/api.w.org\/{rel}","templated":true}]}}